{"id":507,"date":"2019-02-14T12:22:23","date_gmt":"2019-02-14T11:22:23","guid":{"rendered":"https:\/\/pling.cat\/?page_id=507"},"modified":"2023-01-12T17:13:00","modified_gmt":"2023-01-12T16:13:00","slug":"home-serveis","status":"publish","type":"page","link":"https:\/\/www.pling.cat\/es\/home-serveis\/","title":{"rendered":"Home &#8211; Servicios"},"content":{"rendered":"\t\t<div data-elementor-type=\"wp-post\" data-elementor-id=\"507\" class=\"elementor elementor-507\" data-elementor-post-type=\"page\">\n\t\t\t\t\t\t<section class=\"elementor-section elementor-top-section elementor-element elementor-element-21ef9e2 elementor-section-full_width elementor-section-height-default elementor-section-height-default\" data-id=\"21ef9e2\" data-element_type=\"section\" data-e-type=\"section\" data-settings=\"{&quot;background_background&quot;:&quot;classic&quot;}\">\n\t\t\t\t\t\t<div class=\"elementor-container elementor-column-gap-default\">\n\t\t\t\t\t<div class=\"elementor-column elementor-col-100 elementor-top-column elementor-element elementor-element-cbe3ad6\" data-id=\"cbe3ad6\" data-element_type=\"column\" data-e-type=\"column\">\n\t\t\t<div class=\"elementor-widget-wrap elementor-element-populated\">\n\t\t\t\t\t\t<div class=\"elementor-element elementor-element-7dd71a7 elementor-widget elementor-widget-heading\" data-id=\"7dd71a7\" data-element_type=\"widget\" data-e-type=\"widget\" data-widget_type=\"heading.default\">\n\t\t\t\t<div class=\"elementor-widget-container\">\n\t\t\t\t\t<h2 class=\"elementor-heading-title elementor-size-default\"><span style=\"color: #fff\">SERVICIOS<\/span> <span style=\"color: #EFFF08\"><b>PLING<\/b><\/span><\/h2>\t\t\t\t<\/div>\n\t\t\t\t<\/div>\n\t\t\t\t<section class=\"elementor-section elementor-inner-section elementor-element elementor-element-2048691 elementor-section-boxed elementor-section-height-default elementor-section-height-default\" data-id=\"2048691\" data-element_type=\"section\" data-e-type=\"section\">\n\t\t\t\t\t\t<div class=\"elementor-container elementor-column-gap-default\">\n\t\t\t\t\t<div class=\"elementor-column elementor-col-50 elementor-inner-column elementor-element elementor-element-759c870\" data-id=\"759c870\" data-element_type=\"column\" data-e-type=\"column\">\n\t\t\t<div class=\"elementor-widget-wrap elementor-element-populated\">\n\t\t\t\t\t\t<div class=\"elementor-element elementor-element-e47975d elementor-widget elementor-widget-text-editor\" data-id=\"e47975d\" data-element_type=\"widget\" data-e-type=\"widget\" data-widget_type=\"text-editor.default\">\n\t\t\t\t<div class=\"elementor-widget-container\">\n\t\t\t\t\t\t\t\t\t<p>Tu espacio de telefon\u00eda m\u00f3vil tiene nombre propio: <strong>PlinG Costa Brava<\/strong>.<\/p><p>Un nuevo concepto de tienda que busca la atenci\u00f3n al cliente exclusiva, individual y personalizada. Lo que necesitas, cuando lo necesitas.<\/p><p>Un equipo joven y din\u00e1mico que te espera en nuestras tiendas de Palafrugell, Palam\u00f3s, Platja d\u2019Aro y Sant Feliu de Gu\u00edxols.<\/p><p>Ven a <strong>PlinG<\/strong>, \u00a1tenemos lo que necesitas!<\/p>\t\t\t\t\t\t\t\t<\/div>\n\t\t\t\t<\/div>\n\t\t\t\t\t<\/div>\n\t\t<\/div>\n\t\t\t\t<div class=\"elementor-column elementor-col-50 elementor-inner-column elementor-element elementor-element-677658b\" data-id=\"677658b\" data-element_type=\"column\" data-e-type=\"column\">\n\t\t\t<div class=\"elementor-widget-wrap elementor-element-populated\">\n\t\t\t\t\t\t<div class=\"elementor-element elementor-element-988131a elementor-align-start elementor-icon-list--layout-traditional elementor-list-item-link-full_width elementor-widget elementor-widget-icon-list\" data-id=\"988131a\" data-element_type=\"widget\" data-e-type=\"widget\" data-widget_type=\"icon-list.default\">\n\t\t\t\t<div class=\"elementor-widget-container\">\n\t\t\t\t\t\t\t<ul class=\"elementor-icon-list-items\">\n\t\t\t\t\t\t\t<li class=\"elementor-icon-list-item\">\n\t\t\t\t\t\t\t\t\t\t\t<span class=\"elementor-icon-list-icon\">\n\t\t\t\t\t\t\t<svg aria-hidden=\"true\" class=\"e-font-icon-svg e-fas-tablet-alt\" viewBox=\"0 0 448 512\" xmlns=\"http:\/\/www.w3.org\/2000\/svg\"><path d=\"M400 0H48C21.5 0 0 21.5 0 48v416c0 26.5 21.5 48 48 48h352c26.5 0 48-21.5 48-48V48c0-26.5-21.5-48-48-48zM224 480c-17.7 0-32-14.3-32-32s14.3-32 32-32 32 14.3 32 32-14.3 32-32 32zm176-108c0 6.6-5.4 12-12 12H60c-6.6 0-12-5.4-12-12V60c0-6.6 5.4-12 12-12h328c6.6 0 12 5.4 12 12v312z\"><\/path><\/svg>\t\t\t\t\t\t<\/span>\n\t\t\t\t\t\t\t\t\t\t<span class=\"elementor-icon-list-text\">VENTA DE M\u00d3VILES Y TABLETS<\/span>\n\t\t\t\t\t\t\t\t\t<\/li>\n\t\t\t\t\t\t\t\t<li class=\"elementor-icon-list-item\">\n\t\t\t\t\t\t\t\t\t\t\t<span class=\"elementor-icon-list-icon\">\n\t\t\t\t\t\t\t<svg aria-hidden=\"true\" class=\"e-font-icon-svg e-fas-icons\" viewBox=\"0 0 512 512\" xmlns=\"http:\/\/www.w3.org\/2000\/svg\"><path d=\"M116.65 219.35a15.68 15.68 0 0 0 22.65 0l96.75-99.83c28.15-29 26.5-77.1-4.91-103.88C203.75-7.7 163-3.5 137.86 22.44L128 32.58l-9.85-10.14C93.05-3.5 52.25-7.7 24.86 15.64c-31.41 26.78-33 74.85-5 103.88zm143.92 100.49h-48l-7.08-14.24a27.39 27.39 0 0 0-25.66-17.78h-71.71a27.39 27.39 0 0 0-25.66 17.78l-7 14.24h-48A27.45 27.45 0 0 0 0 347.3v137.25A27.44 27.44 0 0 0 27.43 512h233.14A27.45 27.45 0 0 0 288 484.55V347.3a27.45 27.45 0 0 0-27.43-27.46zM144 468a52 52 0 1 1 52-52 52 52 0 0 1-52 52zm355.4-115.9h-60.58l22.36-50.75c2.1-6.65-3.93-13.21-12.18-13.21h-75.59c-6.3 0-11.66 3.9-12.5 9.1l-16.8 106.93c-1 6.3 4.88 11.89 12.5 11.89h62.31l-24.2 83c-1.89 6.65 4.2 12.9 12.23 12.9a13.26 13.26 0 0 0 10.92-5.25l92.4-138.91c4.88-6.91-1.16-15.7-10.87-15.7zM478.08.33L329.51 23.17C314.87 25.42 304 38.92 304 54.83V161.6a83.25 83.25 0 0 0-16-1.7c-35.35 0-64 21.48-64 48s28.65 48 64 48c35.2 0 63.73-21.32 64-47.66V99.66l112-17.22v47.18a83.25 83.25 0 0 0-16-1.7c-35.35 0-64 21.48-64 48s28.65 48 64 48c35.2 0 63.73-21.32 64-47.66V32c0-19.48-16-34.42-33.92-31.67z\"><\/path><\/svg>\t\t\t\t\t\t<\/span>\n\t\t\t\t\t\t\t\t\t\t<span class=\"elementor-icon-list-text\">VENTA DE ACCESORIOS<\/span>\n\t\t\t\t\t\t\t\t\t<\/li>\n\t\t\t\t\t\t\t\t<li class=\"elementor-icon-list-item\">\n\t\t\t\t\t\t\t\t\t\t\t<span class=\"elementor-icon-list-icon\">\n\t\t\t\t\t\t\t<svg aria-hidden=\"true\" class=\"e-font-icon-svg e-fas-user-plus\" viewBox=\"0 0 640 512\" xmlns=\"http:\/\/www.w3.org\/2000\/svg\"><path d=\"M624 208h-64v-64c0-8.8-7.2-16-16-16h-32c-8.8 0-16 7.2-16 16v64h-64c-8.8 0-16 7.2-16 16v32c0 8.8 7.2 16 16 16h64v64c0 8.8 7.2 16 16 16h32c8.8 0 16-7.2 16-16v-64h64c8.8 0 16-7.2 16-16v-32c0-8.8-7.2-16-16-16zm-400 48c70.7 0 128-57.3 128-128S294.7 0 224 0 96 57.3 96 128s57.3 128 128 128zm89.6 32h-16.7c-22.2 10.2-46.9 16-72.9 16s-50.6-5.8-72.9-16h-16.7C60.2 288 0 348.2 0 422.4V464c0 26.5 21.5 48 48 48h352c26.5 0 48-21.5 48-48v-41.6c0-74.2-60.2-134.4-134.4-134.4z\"><\/path><\/svg>\t\t\t\t\t\t<\/span>\n\t\t\t\t\t\t\t\t\t\t<span class=\"elementor-icon-list-text\">SERVICIO POST-VENTA<\/span>\n\t\t\t\t\t\t\t\t\t<\/li>\n\t\t\t\t\t\t\t\t<li class=\"elementor-icon-list-item\">\n\t\t\t\t\t\t\t\t\t\t\t<span class=\"elementor-icon-list-icon\">\n\t\t\t\t\t\t\t<svg aria-hidden=\"true\" class=\"e-font-icon-svg e-fas-tools\" viewBox=\"0 0 512 512\" xmlns=\"http:\/\/www.w3.org\/2000\/svg\"><path d=\"M501.1 395.7L384 278.6c-23.1-23.1-57.6-27.6-85.4-13.9L192 158.1V96L64 0 0 64l96 128h62.1l106.6 106.6c-13.6 27.8-9.2 62.3 13.9 85.4l117.1 117.1c14.6 14.6 38.2 14.6 52.7 0l52.7-52.7c14.5-14.6 14.5-38.2 0-52.7zM331.7 225c28.3 0 54.9 11 74.9 31l19.4 19.4c15.8-6.9 30.8-16.5 43.8-29.5 37.1-37.1 49.7-89.3 37.9-136.7-2.2-9-13.5-12.1-20.1-5.5l-74.4 74.4-67.9-11.3L334 98.9l74.4-74.4c6.6-6.6 3.4-17.9-5.7-20.2-47.4-11.7-99.6.9-136.6 37.9-28.5 28.5-41.9 66.1-41.2 103.6l82.1 82.1c8.1-1.9 16.5-2.9 24.7-2.9zm-103.9 82l-56.7-56.7L18.7 402.8c-25 25-25 65.5 0 90.5s65.5 25 90.5 0l123.6-123.6c-7.6-19.9-9.9-41.6-5-62.7zM64 472c-13.2 0-24-10.8-24-24 0-13.3 10.7-24 24-24s24 10.7 24 24c0 13.2-10.7 24-24 24z\"><\/path><\/svg>\t\t\t\t\t\t<\/span>\n\t\t\t\t\t\t\t\t\t\t<span class=\"elementor-icon-list-text\">Servicio de reparaci\u00f3n: m\u00f3viles, tablets, consolas y Pc\u2019s<\/span>\n\t\t\t\t\t\t\t\t\t<\/li>\n\t\t\t\t\t\t\t\t<li class=\"elementor-icon-list-item\">\n\t\t\t\t\t\t\t\t\t\t\t<span class=\"elementor-icon-list-icon\">\n\t\t\t\t\t\t\t<svg aria-hidden=\"true\" class=\"e-font-icon-svg e-fas-sim-card\" viewBox=\"0 0 384 512\" xmlns=\"http:\/\/www.w3.org\/2000\/svg\"><path d=\"M0 64v384c0 35.3 28.7 64 64 64h256c35.3 0 64-28.7 64-64V128L256 0H64C28.7 0 0 28.7 0 64zm224 192h-64v-64h64v64zm96 0h-64v-64h32c17.7 0 32 14.3 32 32v32zm-64 128h64v32c0 17.7-14.3 32-32 32h-32v-64zm-96 0h64v64h-64v-64zm-96 0h64v64H96c-17.7 0-32-14.3-32-32v-32zm0-96h256v64H64v-64zm0-64c0-17.7 14.3-32 32-32h32v64H64v-32z\"><\/path><\/svg>\t\t\t\t\t\t<\/span>\n\t\t\t\t\t\t\t\t\t\t<span class=\"elementor-icon-list-text\">venta tarjetas prepago<\/span>\n\t\t\t\t\t\t\t\t\t<\/li>\n\t\t\t\t\t\t<\/ul>\n\t\t\t\t\t\t<\/div>\n\t\t\t\t<\/div>\n\t\t\t\t\t<\/div>\n\t\t<\/div>\n\t\t\t\t\t<\/div>\n\t\t<\/section>\n\t\t\t\t\t<\/div>\n\t\t<\/div>\n\t\t\t\t\t<\/div>\n\t\t<\/section>\n\t\t\t\t<\/div>\n\t\t","protected":false},"excerpt":{"rendered":"<p>SERVICIOS PLING Tu espacio de telefon\u00eda m\u00f3vil tiene nombre propio: PlinG Costa Brava. Un nuevo concepto de tienda que busca la atenci\u00f3n al cliente exclusiva, individual y personalizada. Lo que necesitas, cuando lo necesitas. Un equipo joven y din\u00e1mico que te espera en nuestras tiendas de Palafrugell, Palam\u00f3s, Platja d\u2019Aro y Sant Feliu de Gu\u00edxols.<br \/><a class=\"moretag\" href=\"https:\/\/www.pling.cat\/es\/home-serveis\/\">+ Read More<\/a><\/p>\n","protected":false},"author":1,"featured_media":0,"parent":0,"menu_order":0,"comment_status":"closed","ping_status":"closed","template":"templates\/page-fullwidth_template.php","meta":{"footnotes":""},"class_list":["post-507","page","type-page","status-publish","hentry"],"_links":{"self":[{"href":"https:\/\/www.pling.cat\/es\/wp-json\/wp\/v2\/pages\/507","targetHints":{"allow":["GET"]}}],"collection":[{"href":"https:\/\/www.pling.cat\/es\/wp-json\/wp\/v2\/pages"}],"about":[{"href":"https:\/\/www.pling.cat\/es\/wp-json\/wp\/v2\/types\/page"}],"author":[{"embeddable":true,"href":"https:\/\/www.pling.cat\/es\/wp-json\/wp\/v2\/users\/1"}],"replies":[{"embeddable":true,"href":"https:\/\/www.pling.cat\/es\/wp-json\/wp\/v2\/comments?post=507"}],"version-history":[{"count":0,"href":"https:\/\/www.pling.cat\/es\/wp-json\/wp\/v2\/pages\/507\/revisions"}],"wp:attachment":[{"href":"https:\/\/www.pling.cat\/es\/wp-json\/wp\/v2\/media?parent=507"}],"curies":[{"name":"wp","href":"https:\/\/api.w.org\/{rel}","templated":true}]}}