{"id":193,"date":"2019-02-09T10:10:52","date_gmt":"2019-02-09T09:10:52","guid":{"rendered":"https:\/\/pling.cat\/?page_id=193"},"modified":"2023-01-12T16:45:39","modified_gmt":"2023-01-12T15:45:39","slug":"home-les-nostres-botigues","status":"publish","type":"page","link":"https:\/\/www.pling.cat\/es\/home-les-nostres-botigues\/","title":{"rendered":"Home &#8211; Nuestras tiendas"},"content":{"rendered":"\t\t<div data-elementor-type=\"wp-post\" data-elementor-id=\"193\" class=\"elementor elementor-193\" data-elementor-post-type=\"page\">\n\t\t\t\t\t\t<section class=\"elementor-section elementor-top-section elementor-element elementor-element-0194172 elementor-section-full_width elementor-section-height-default elementor-section-height-default\" data-id=\"0194172\" data-element_type=\"section\" data-e-type=\"section\" data-settings=\"{&quot;background_background&quot;:&quot;classic&quot;}\">\n\t\t\t\t\t\t<div class=\"elementor-container elementor-column-gap-no\">\n\t\t\t\t\t<div class=\"elementor-column elementor-col-100 elementor-top-column elementor-element elementor-element-fb93a3f\" data-id=\"fb93a3f\" data-element_type=\"column\" data-e-type=\"column\">\n\t\t\t<div class=\"elementor-widget-wrap elementor-element-populated\">\n\t\t\t\t\t\t<div class=\"elementor-element elementor-element-709e937 elementor-widget__width-inherit elementor-widget elementor-widget-heading\" data-id=\"709e937\" data-element_type=\"widget\" data-e-type=\"widget\" data-widget_type=\"heading.default\">\n\t\t\t\t<div class=\"elementor-widget-container\">\n\t\t\t\t\t<h2 class=\"elementor-heading-title elementor-size-default\"><span style=\"color: #fff\">TIENDAS<\/span> <span style=\"color: #EFFF08\"><b>PLING<\/b><\/span><\/h2>\t\t\t\t<\/div>\n\t\t\t\t<\/div>\n\t\t\t\t\t<\/div>\n\t\t<\/div>\n\t\t\t\t\t<\/div>\n\t\t<\/section>\n\t\t\t\t<section class=\"elementor-section elementor-top-section elementor-element elementor-element-ad945f8 elementor-section-full_width elementor-section-height-default elementor-section-height-default\" data-id=\"ad945f8\" data-element_type=\"section\" data-e-type=\"section\" data-settings=\"{&quot;background_background&quot;:&quot;classic&quot;}\">\n\t\t\t\t\t\t<div class=\"elementor-container elementor-column-gap-narrow\">\n\t\t\t\t\t<div class=\"elementor-column elementor-col-25 elementor-top-column elementor-element elementor-element-6dc1842\" data-id=\"6dc1842\" data-element_type=\"column\" data-e-type=\"column\">\n\t\t\t<div class=\"elementor-widget-wrap elementor-element-populated\">\n\t\t\t\t\t\t<div class=\"elementor-element elementor-element-f0ecff7 elementor-widget elementor-widget-premium-addon-banner\" data-id=\"f0ecff7\" data-element_type=\"widget\" data-e-type=\"widget\" data-widget_type=\"premium-addon-banner.default\">\n\t\t\t\t<div class=\"elementor-widget-container\">\n\t\t\t\t\t\t\t<div class=\"premium-banner-ib premium-banner-min-height premium-banner-animation11 none premium-banner__effect-type2\">\n\t\t\t\t\t\t\t\t\t\t<img fetchpriority=\"high\" decoding=\"async\" width=\"900\" height=\"600\" src=\"https:\/\/www.pling.cat\/wp-content\/uploads\/2019\/02\/Pling-Palafrugell.jpg\" class=\"attachment-full size-full wp-image-1066\" alt=\"Pling | Palafrugell\" srcset=\"https:\/\/www.pling.cat\/wp-content\/uploads\/2019\/02\/Pling-Palafrugell.jpg 900w, https:\/\/www.pling.cat\/wp-content\/uploads\/2019\/02\/Pling-Palafrugell-300x200.jpg 300w, https:\/\/www.pling.cat\/wp-content\/uploads\/2019\/02\/Pling-Palafrugell-768x512.jpg 768w\" sizes=\"(max-width: 900px) 100vw, 900px\" \/>\t\t\t\t\t\t\t\t\t\t<div class=\"premium-banner-gradient\"><\/div>\n\t\t\t\t\t\t<div class=\"premium-banner-ib-desc\">\n\t\t\t\t\n\t\t\t\t\t\t\t\t\t<p class=\"premium-banner-ib-title premium_banner_title\">\n\t\t\t\t\t\tPLING PALAFRUGELL\t\t\t\t\t<\/p>\n\t\t\t\t\n\t\t\t\t\t\t\t\t\t<div class=\"premium-banner-ib-content premium_banner_content\">\n\t\t\t\t\t\t<p>CALLE Barris i Buix\u00f3, 27 local 3 Bloque A<\/p>\t\t\t\t\t<\/div>\n\t\t\t\t\n\t\t\t\t\n\t\t\t\t\t\t\t<\/div>\n\t\t\t\t\t\t\t<a href=\"https:\/\/www.pling.cat\/es\/palafrugell\/\" class=\"premium-banner-ib-link\"><\/a>\n\t\t\t\t\t<\/div>\n\n\t\t\t\t\t\t<\/div>\n\t\t\t\t<\/div>\n\t\t\t\t<div class=\"elementor-element elementor-element-947cadb elementor-widget elementor-widget-heading\" data-id=\"947cadb\" data-element_type=\"widget\" data-e-type=\"widget\" data-widget_type=\"heading.default\">\n\t\t\t\t<div class=\"elementor-widget-container\">\n\t\t\t\t\t<p class=\"elementor-heading-title elementor-size-medium\">PALAFRUGELL<\/p>\t\t\t\t<\/div>\n\t\t\t\t<\/div>\n\t\t\t\t\t<\/div>\n\t\t<\/div>\n\t\t\t\t<div class=\"elementor-column elementor-col-25 elementor-top-column elementor-element elementor-element-81b2e99\" data-id=\"81b2e99\" data-element_type=\"column\" data-e-type=\"column\">\n\t\t\t<div class=\"elementor-widget-wrap elementor-element-populated\">\n\t\t\t\t\t\t<div class=\"elementor-element elementor-element-ab49b55 elementor-widget elementor-widget-premium-addon-banner\" data-id=\"ab49b55\" data-element_type=\"widget\" data-e-type=\"widget\" data-widget_type=\"premium-addon-banner.default\">\n\t\t\t\t<div class=\"elementor-widget-container\">\n\t\t\t\t\t\t\t<div class=\"premium-banner-ib premium-banner-min-height premium-banner-animation11 none premium-banner__effect-type2\">\n\t\t\t\t\t\t\t\t\t\t<img decoding=\"async\" width=\"900\" height=\"600\" src=\"https:\/\/www.pling.cat\/wp-content\/uploads\/2019\/05\/Pling-Palam\u00f3s.jpg\" class=\"attachment-full size-full wp-image-1074\" alt=\"Pling | Palam\u00f3s\" srcset=\"https:\/\/www.pling.cat\/wp-content\/uploads\/2019\/05\/Pling-Palam\u00f3s.jpg 900w, https:\/\/www.pling.cat\/wp-content\/uploads\/2019\/05\/Pling-Palam\u00f3s-300x200.jpg 300w, https:\/\/www.pling.cat\/wp-content\/uploads\/2019\/05\/Pling-Palam\u00f3s-768x512.jpg 768w\" sizes=\"(max-width: 900px) 100vw, 900px\" \/>\t\t\t\t\t\t\t\t\t\t<div class=\"premium-banner-gradient\"><\/div>\n\t\t\t\t\t\t<div class=\"premium-banner-ib-desc\">\n\t\t\t\t\n\t\t\t\t\t\t\t\t\t<p class=\"premium-banner-ib-title premium_banner_title\">\n\t\t\t\t\t\tPLING PALAM\u00d3S\t\t\t\t\t<\/p>\n\t\t\t\t\n\t\t\t\t\t\t\t\t\t<div class=\"premium-banner-ib-content premium_banner_content\">\n\t\t\t\t\t\t<p>AVENIDA CATALUNYA,27<\/p>\t\t\t\t\t<\/div>\n\t\t\t\t\n\t\t\t\t\n\t\t\t\t\t\t\t<\/div>\n\t\t\t\t\t\t\t<a href=\"https:\/\/www.pling.cat\/es\/palamos\/\" class=\"premium-banner-ib-link\"><\/a>\n\t\t\t\t\t<\/div>\n\n\t\t\t\t\t\t<\/div>\n\t\t\t\t<\/div>\n\t\t\t\t<div class=\"elementor-element elementor-element-b456d26 elementor-widget elementor-widget-heading\" data-id=\"b456d26\" data-element_type=\"widget\" data-e-type=\"widget\" data-widget_type=\"heading.default\">\n\t\t\t\t<div class=\"elementor-widget-container\">\n\t\t\t\t\t<p class=\"elementor-heading-title elementor-size-medium\">PALAM\u00d3S<\/p>\t\t\t\t<\/div>\n\t\t\t\t<\/div>\n\t\t\t\t\t<\/div>\n\t\t<\/div>\n\t\t\t\t<div class=\"elementor-column elementor-col-25 elementor-top-column elementor-element elementor-element-ffab6e1\" data-id=\"ffab6e1\" data-element_type=\"column\" data-e-type=\"column\">\n\t\t\t<div class=\"elementor-widget-wrap elementor-element-populated\">\n\t\t\t\t\t\t<div class=\"elementor-element elementor-element-ee83623 elementor-widget elementor-widget-premium-addon-banner\" data-id=\"ee83623\" data-element_type=\"widget\" data-e-type=\"widget\" data-widget_type=\"premium-addon-banner.default\">\n\t\t\t\t<div class=\"elementor-widget-container\">\n\t\t\t\t\t\t\t<div class=\"premium-banner-ib premium-banner-min-height premium-banner-animation11 none premium-banner__effect-type2\">\n\t\t\t\t\t\t\t\t\t\t<img decoding=\"async\" width=\"900\" height=\"600\" src=\"https:\/\/www.pling.cat\/wp-content\/uploads\/2019\/02\/Pling-Platja-dAro.jpg\" class=\"attachment-full size-full wp-image-191\" alt=\"Pling | Platja d&#039;Aro\" srcset=\"https:\/\/www.pling.cat\/wp-content\/uploads\/2019\/02\/Pling-Platja-dAro.jpg 900w, https:\/\/www.pling.cat\/wp-content\/uploads\/2019\/02\/Pling-Platja-dAro-300x200.jpg 300w, https:\/\/www.pling.cat\/wp-content\/uploads\/2019\/02\/Pling-Platja-dAro-768x512.jpg 768w\" sizes=\"(max-width: 900px) 100vw, 900px\" \/>\t\t\t\t\t\t\t\t\t\t<div class=\"premium-banner-gradient\"><\/div>\n\t\t\t\t\t\t<div class=\"premium-banner-ib-desc\">\n\t\t\t\t\n\t\t\t\t\t\t\t\t\t<p class=\"premium-banner-ib-title premium_banner_title\">\n\t\t\t\t\t\tPLING PLATJA D'ARO\t\t\t\t\t<\/p>\n\t\t\t\t\n\t\t\t\t\t\t\t\t\t<div class=\"premium-banner-ib-content premium_banner_content\">\n\t\t\t\t\t\t<p>AVENIDA CAVALL BERNAT, 31<\/p>\t\t\t\t\t<\/div>\n\t\t\t\t\n\t\t\t\t\n\t\t\t\t\t\t\t<\/div>\n\t\t\t\t\t\t\t<a href=\"https:\/\/www.pling.cat\/es\/platja-daro\/\" class=\"premium-banner-ib-link\"><\/a>\n\t\t\t\t\t<\/div>\n\n\t\t\t\t\t\t<\/div>\n\t\t\t\t<\/div>\n\t\t\t\t<div class=\"elementor-element elementor-element-4eacb82 elementor-widget elementor-widget-heading\" data-id=\"4eacb82\" data-element_type=\"widget\" data-e-type=\"widget\" data-widget_type=\"heading.default\">\n\t\t\t\t<div class=\"elementor-widget-container\">\n\t\t\t\t\t<p class=\"elementor-heading-title elementor-size-medium\">PLATJA D'ARO<\/p>\t\t\t\t<\/div>\n\t\t\t\t<\/div>\n\t\t\t\t\t<\/div>\n\t\t<\/div>\n\t\t\t\t<div class=\"elementor-column elementor-col-25 elementor-top-column elementor-element elementor-element-fd0f851\" data-id=\"fd0f851\" data-element_type=\"column\" data-e-type=\"column\">\n\t\t\t<div class=\"elementor-widget-wrap elementor-element-populated\">\n\t\t\t\t\t\t<div class=\"elementor-element elementor-element-dd465bc elementor-widget elementor-widget-premium-addon-banner\" data-id=\"dd465bc\" data-element_type=\"widget\" data-e-type=\"widget\" data-widget_type=\"premium-addon-banner.default\">\n\t\t\t\t<div class=\"elementor-widget-container\">\n\t\t\t\t\t\t\t<div class=\"premium-banner-ib premium-banner-min-height premium-banner-animation11 none premium-banner__effect-type2\">\n\t\t\t\t\t\t\t\t\t\t<img loading=\"lazy\" decoding=\"async\" width=\"900\" height=\"600\" src=\"https:\/\/www.pling.cat\/wp-content\/uploads\/2020\/10\/Pling-Sant-Feliu-de-Guixols.jpg\" class=\"attachment-full size-full wp-image-1160\" alt=\"Pling | Sant Feliu de Gu\u00edxols\" srcset=\"https:\/\/www.pling.cat\/wp-content\/uploads\/2020\/10\/Pling-Sant-Feliu-de-Guixols.jpg 900w, https:\/\/www.pling.cat\/wp-content\/uploads\/2020\/10\/Pling-Sant-Feliu-de-Guixols-300x200.jpg 300w, https:\/\/www.pling.cat\/wp-content\/uploads\/2020\/10\/Pling-Sant-Feliu-de-Guixols-768x512.jpg 768w\" sizes=\"(max-width: 900px) 100vw, 900px\" \/>\t\t\t\t\t\t\t\t\t\t<div class=\"premium-banner-gradient\"><\/div>\n\t\t\t\t\t\t<div class=\"premium-banner-ib-desc\">\n\t\t\t\t\n\t\t\t\t\t\t\t\t\t<p class=\"premium-banner-ib-title premium_banner_title\">\n\t\t\t\t\t\tPLING SANT FELIU DE GU\u00cdXOLS\t\t\t\t\t<\/p>\n\t\t\t\t\n\t\t\t\t\t\t\t\t\t<div class=\"premium-banner-ib-content premium_banner_content\">\n\t\t\t\t\t\t<p>RAMBLA VIDAL, 30<\/p>\t\t\t\t\t<\/div>\n\t\t\t\t\n\t\t\t\t\n\t\t\t\t\t\t\t<\/div>\n\t\t\t\t\t\t\t<a href=\"https:\/\/www.pling.cat\/es\/sant-feliu-de-guixols\/\" class=\"premium-banner-ib-link\"><\/a>\n\t\t\t\t\t<\/div>\n\n\t\t\t\t\t\t<\/div>\n\t\t\t\t<\/div>\n\t\t\t\t<div class=\"elementor-element elementor-element-87b4ef7 elementor-widget elementor-widget-heading\" data-id=\"87b4ef7\" data-element_type=\"widget\" data-e-type=\"widget\" data-widget_type=\"heading.default\">\n\t\t\t\t<div class=\"elementor-widget-container\">\n\t\t\t\t\t<p class=\"elementor-heading-title elementor-size-medium\">SANT FELIU DE GU\u00cdXOLS<\/p>\t\t\t\t<\/div>\n\t\t\t\t<\/div>\n\t\t\t\t\t<\/div>\n\t\t<\/div>\n\t\t\t\t\t<\/div>\n\t\t<\/section>\n\t\t\t\t<\/div>\n\t\t","protected":false},"excerpt":{"rendered":"<p>TIENDAS PLING PLING PALAFRUGELL CALLE Barris i Buix\u00f3, 27 local 3 Bloque A PALAFRUGELL PLING PALAM\u00d3S AVENIDA CATALUNYA,27 PALAM\u00d3S PLING PLATJA D&#8217;ARO AVENIDA CAVALL BERNAT, 31 PLATJA D&#8217;ARO PLING SANT FELIU DE GU\u00cdXOLS RAMBLA VIDAL, 30 SANT FELIU DE GU\u00cdXOLS<\/p>\n","protected":false},"author":1,"featured_media":0,"parent":0,"menu_order":0,"comment_status":"closed","ping_status":"closed","template":"templates\/page-fullwidth_template.php","meta":{"footnotes":""},"class_list":["post-193","page","type-page","status-publish","hentry"],"_links":{"self":[{"href":"https:\/\/www.pling.cat\/es\/wp-json\/wp\/v2\/pages\/193","targetHints":{"allow":["GET"]}}],"collection":[{"href":"https:\/\/www.pling.cat\/es\/wp-json\/wp\/v2\/pages"}],"about":[{"href":"https:\/\/www.pling.cat\/es\/wp-json\/wp\/v2\/types\/page"}],"author":[{"embeddable":true,"href":"https:\/\/www.pling.cat\/es\/wp-json\/wp\/v2\/users\/1"}],"replies":[{"embeddable":true,"href":"https:\/\/www.pling.cat\/es\/wp-json\/wp\/v2\/comments?post=193"}],"version-history":[{"count":0,"href":"https:\/\/www.pling.cat\/es\/wp-json\/wp\/v2\/pages\/193\/revisions"}],"wp:attachment":[{"href":"https:\/\/www.pling.cat\/es\/wp-json\/wp\/v2\/media?parent=193"}],"curies":[{"name":"wp","href":"https:\/\/api.w.org\/{rel}","templated":true}]}}