{"id":181,"date":"2019-02-06T00:51:30","date_gmt":"2019-02-05T23:51:30","guid":{"rendered":"https:\/\/pling.cat\/?page_id=181"},"modified":"2023-01-12T21:43:25","modified_gmt":"2023-01-12T20:43:25","slug":"club-pling","status":"publish","type":"page","link":"https:\/\/www.pling.cat\/es\/club-pling\/","title":{"rendered":"Club Pling"},"content":{"rendered":"\t\t<div data-elementor-type=\"wp-post\" data-elementor-id=\"181\" class=\"elementor elementor-181\" data-elementor-post-type=\"page\">\n\t\t\t\t\t\t<section class=\"elementor-section elementor-top-section elementor-element elementor-element-bf89ac3 elementor-section-full_width elementor-section-height-default elementor-section-height-default\" data-id=\"bf89ac3\" data-element_type=\"section\" data-e-type=\"section\">\n\t\t\t\t\t\t<div class=\"elementor-container elementor-column-gap-no\">\n\t\t\t\t\t<div class=\"elementor-column elementor-col-100 elementor-top-column elementor-element elementor-element-88fd29e\" data-id=\"88fd29e\" data-element_type=\"column\" data-e-type=\"column\">\n\t\t\t<div class=\"elementor-widget-wrap elementor-element-populated\">\n\t\t\t\t\t\t<div class=\"elementor-element elementor-element-dce6486 elementor-widget elementor-widget-heading\" data-id=\"dce6486\" data-element_type=\"widget\" data-e-type=\"widget\" data-widget_type=\"heading.default\">\n\t\t\t\t<div class=\"elementor-widget-container\">\n\t\t\t\t\t<h2 class=\"elementor-heading-title elementor-size-default\">Club Pling \u00e9s<\/span> <b>descompte directe<\/b><\/span><\/h2>\t\t\t\t<\/div>\n\t\t\t\t<\/div>\n\t\t\t\t<div class=\"elementor-element elementor-element-7939765 elementor-widget elementor-widget-text-editor\" data-id=\"7939765\" data-element_type=\"widget\" data-e-type=\"widget\" data-widget_type=\"text-editor.default\">\n\t\t\t\t<div class=\"elementor-widget-container\">\n\t\t\t\t\t\t\t\t\t<p>Ara, nom\u00e9s per ensenyar la teva targeta virtual Pling a qualsevol de les nostres botigues aconseguir\u00e0s un <strong>20% de descompte directe<\/strong> en la teva compra d\u2019accessoris.<\/p><p>S\u00ed, has llegit b\u00e9! Tots els accessoris de les botigues Pling amb un -20% nom\u00e9s per tu.<br \/><br \/><\/p>\t\t\t\t\t\t\t\t<\/div>\n\t\t\t\t<\/div>\n\t\t\t\t\t<\/div>\n\t\t<\/div>\n\t\t\t\t\t<\/div>\n\t\t<\/section>\n\t\t\t\t<section class=\"elementor-section elementor-top-section elementor-element elementor-element-54c9601 elementor-section-boxed elementor-section-height-default elementor-section-height-default\" data-id=\"54c9601\" data-element_type=\"section\" data-e-type=\"section\">\n\t\t\t\t\t\t<div class=\"elementor-container elementor-column-gap-default\">\n\t\t\t\t\t<div class=\"elementor-column elementor-col-100 elementor-top-column elementor-element elementor-element-d693f1e\" data-id=\"d693f1e\" data-element_type=\"column\" data-e-type=\"column\">\n\t\t\t<div class=\"elementor-widget-wrap elementor-element-populated\">\n\t\t\t\t\t\t<div class=\"elementor-element elementor-element-72aec70 elementor-widget elementor-widget-heading\" data-id=\"72aec70\" data-element_type=\"widget\" data-e-type=\"widget\" data-widget_type=\"heading.default\">\n\t\t\t\t<div class=\"elementor-widget-container\">\n\t\t\t\t\t<h2 class=\"elementor-heading-title elementor-size-default\">Com aconseguir ser del nostre club?<\/h2>\t\t\t\t<\/div>\n\t\t\t\t<\/div>\n\t\t\t\t<div class=\"elementor-element elementor-element-63ab2cb elementor-widget elementor-widget-text-editor\" data-id=\"63ab2cb\" data-element_type=\"widget\" data-e-type=\"widget\" data-widget_type=\"text-editor.default\">\n\t\t\t\t<div class=\"elementor-widget-container\">\n\t\t\t\t\t\t\t\t\t<p>Tan sols has de tenir la nostra <strong>App Pling<\/strong> instal\u00b7lada al m\u00f2bil i ensenyar-nos la tarjeta virtual que apareix a la secci\u00f3 <strong>Club Pling<\/strong>.<\/p><p><strong>F\u00e0cil i r\u00e0pid!<\/strong><\/p><p>Descarrega-la ara i aprofita el millor preu en accessoris de telefonia de la nostra zona!<\/p>\t\t\t\t\t\t\t\t<\/div>\n\t\t\t\t<\/div>\n\t\t\t\t\t<\/div>\n\t\t<\/div>\n\t\t\t\t\t<\/div>\n\t\t<\/section>\n\t\t\t\t<section class=\"elementor-section elementor-top-section elementor-element elementor-element-bcd4a29 elementor-section-boxed elementor-section-height-default elementor-section-height-default\" data-id=\"bcd4a29\" data-element_type=\"section\" data-e-type=\"section\">\n\t\t\t\t\t\t<div class=\"elementor-container elementor-column-gap-default\">\n\t\t\t\t\t<div class=\"elementor-column elementor-col-100 elementor-top-column elementor-element elementor-element-cd879a2\" data-id=\"cd879a2\" data-element_type=\"column\" data-e-type=\"column\">\n\t\t\t<div class=\"elementor-widget-wrap elementor-element-populated\">\n\t\t\t\t\t\t<section class=\"elementor-section elementor-inner-section elementor-element elementor-element-8aa4159 elementor-section-full_width elementor-section-height-default elementor-section-height-default\" data-id=\"8aa4159\" data-element_type=\"section\" data-e-type=\"section\">\n\t\t\t\t\t\t<div class=\"elementor-container elementor-column-gap-no\">\n\t\t\t\t\t<div class=\"elementor-column elementor-col-100 elementor-inner-column elementor-element elementor-element-b9076b8\" data-id=\"b9076b8\" data-element_type=\"column\" data-e-type=\"column\">\n\t\t\t<div class=\"elementor-widget-wrap elementor-element-populated\">\n\t\t\t\t\t\t<div class=\"elementor-element elementor-element-6a29422 elementor-widget elementor-widget-eael-creative-button\" data-id=\"6a29422\" data-element_type=\"widget\" data-e-type=\"widget\" data-widget_type=\"eael-creative-button.default\">\n\t\t\t\t<div class=\"elementor-widget-container\">\n\t\t\t\t\t        <div class=\"eael-creative-button-wrapper\">\n\n            <a class=\"eael-creative-button eael-creative-button--default\" href=\"https:\/\/play.google.com\/store\/apps\/details?id=com.internetgirona.app.pling\" target=\"_blank\" data-text=\"DESC\u00c0RREGA DE PLAY STORE\">\n            \t    \n                <div class=\"creative-button-inner\">\n\n                    \n                    <span class=\"cretive-button-text\">DESC\u00c0RREGA DE PLAY STORE<\/span>\n\n                                    <\/div>\n\t                        <\/a>\n        <\/div>\n        \t\t\t\t<\/div>\n\t\t\t\t<\/div>\n\t\t\t\t\t<\/div>\n\t\t<\/div>\n\t\t\t\t\t<\/div>\n\t\t<\/section>\n\t\t\t\t\t<\/div>\n\t\t<\/div>\n\t\t\t\t\t<\/div>\n\t\t<\/section>\n\t\t\t\t<section class=\"elementor-section elementor-top-section elementor-element elementor-element-71d8e8d elementor-section-boxed elementor-section-height-default elementor-section-height-default\" data-id=\"71d8e8d\" data-element_type=\"section\" data-e-type=\"section\">\n\t\t\t\t\t\t<div class=\"elementor-container elementor-column-gap-wide\">\n\t\t\t\t\t<div class=\"elementor-column elementor-col-50 elementor-top-column elementor-element elementor-element-8d2cd69\" data-id=\"8d2cd69\" data-element_type=\"column\" data-e-type=\"column\">\n\t\t\t<div class=\"elementor-widget-wrap elementor-element-populated\">\n\t\t\t\t\t\t<div class=\"elementor-element elementor-element-8ac0984 elementor-widget elementor-widget-image\" data-id=\"8ac0984\" data-element_type=\"widget\" data-e-type=\"widget\" data-widget_type=\"image.default\">\n\t\t\t\t<div class=\"elementor-widget-container\">\n\t\t\t\t\t\t\t\t\t\t\t\t\t\t\t<img fetchpriority=\"high\" decoding=\"async\" width=\"500\" height=\"600\" src=\"https:\/\/www.pling.cat\/wp-content\/uploads\/2019\/02\/Pling-App.png\" class=\"attachment-full size-full wp-image-698\" alt=\"App | Pling Costa Brava\" srcset=\"https:\/\/www.pling.cat\/wp-content\/uploads\/2019\/02\/Pling-App.png 500w, https:\/\/www.pling.cat\/wp-content\/uploads\/2019\/02\/Pling-App-250x300.png 250w\" sizes=\"(max-width: 500px) 100vw, 500px\" \/>\t\t\t\t\t\t\t\t\t\t\t\t\t\t\t<\/div>\n\t\t\t\t<\/div>\n\t\t\t\t\t<\/div>\n\t\t<\/div>\n\t\t\t\t<div class=\"elementor-column elementor-col-50 elementor-top-column elementor-element elementor-element-a414001\" data-id=\"a414001\" data-element_type=\"column\" data-e-type=\"column\">\n\t\t\t<div class=\"elementor-widget-wrap elementor-element-populated\">\n\t\t\t\t\t\t<div class=\"elementor-element elementor-element-475e612 elementor-widget elementor-widget-text-editor\" data-id=\"475e612\" data-element_type=\"widget\" data-e-type=\"widget\" data-widget_type=\"text-editor.default\">\n\t\t\t\t<div class=\"elementor-widget-container\">\n\t\t\t\t\t\t\t\t\t<p><img decoding=\"async\" class=\"aligncenter wp-image-358\" src=\"https:\/\/pling.cat\/wp-content\/uploads\/2019\/02\/Club-Pling-Catal\u00e0.png\" alt=\"Club Pling | Pling Costa Brava\" width=\"320\" height=\"238\" srcset=\"https:\/\/www.pling.cat\/wp-content\/uploads\/2019\/02\/Club-Pling-Catal\u00e0.png 800w, https:\/\/www.pling.cat\/wp-content\/uploads\/2019\/02\/Club-Pling-Catal\u00e0-300x223.png 300w, https:\/\/www.pling.cat\/wp-content\/uploads\/2019\/02\/Club-Pling-Catal\u00e0-768x570.png 768w\" sizes=\"(max-width: 320px) 100vw, 320px\" \/><\/p>\t\t\t\t\t\t\t\t<\/div>\n\t\t\t\t<\/div>\n\t\t\t\t\t<\/div>\n\t\t<\/div>\n\t\t\t\t\t<\/div>\n\t\t<\/section>\n\t\t\t\t<\/div>\n\t\t","protected":false},"excerpt":{"rendered":"<p>Club Pling es descuento directo Ahora, solo por ense\u00f1ar tu tarjeta virtual\u00a0Pling en cualquiera de nuestras tiendas, conseguir\u00e1s un 20% de descuento directo en tu compra de accesorios. S\u00ed, \u00a1has le\u00eddo bien! Todos los accesorios de las tiendas\u00a0Pling\u00a0con un -20% solo para ti. \u00bfComo conseguir ser de nuestro club? Solo debes tener nuestra App\u00a0Pling instalada<br \/><a class=\"moretag\" href=\"https:\/\/www.pling.cat\/es\/club-pling\/\">+ Read More<\/a><\/p>\n","protected":false},"author":1,"featured_media":430,"parent":0,"menu_order":0,"comment_status":"closed","ping_status":"closed","template":"","meta":{"footnotes":""},"class_list":["post-181","page","type-page","status-publish","has-post-thumbnail","hentry"],"_links":{"self":[{"href":"https:\/\/www.pling.cat\/es\/wp-json\/wp\/v2\/pages\/181","targetHints":{"allow":["GET"]}}],"collection":[{"href":"https:\/\/www.pling.cat\/es\/wp-json\/wp\/v2\/pages"}],"about":[{"href":"https:\/\/www.pling.cat\/es\/wp-json\/wp\/v2\/types\/page"}],"author":[{"embeddable":true,"href":"https:\/\/www.pling.cat\/es\/wp-json\/wp\/v2\/users\/1"}],"replies":[{"embeddable":true,"href":"https:\/\/www.pling.cat\/es\/wp-json\/wp\/v2\/comments?post=181"}],"version-history":[{"count":0,"href":"https:\/\/www.pling.cat\/es\/wp-json\/wp\/v2\/pages\/181\/revisions"}],"wp:featuredmedia":[{"embeddable":true,"href":"https:\/\/www.pling.cat\/es\/wp-json\/wp\/v2\/media\/430"}],"wp:attachment":[{"href":"https:\/\/www.pling.cat\/es\/wp-json\/wp\/v2\/media?parent=181"}],"curies":[{"name":"wp","href":"https:\/\/api.w.org\/{rel}","templated":true}]}}